{"id":1774,"date":"2023-08-03T10:48:48","date_gmt":"2023-08-03T10:48:48","guid":{"rendered":"https:\/\/eubazaar.shop\/product\/elektricka-cistiaca-kefa\/"},"modified":"2023-08-03T10:48:48","modified_gmt":"2023-08-03T10:48:48","slug":"elektricka-cistiaca-kefka","status":"publish","type":"product","link":"https:\/\/eubazaar.shop\/sk\/produkt\/elektricka-cistiaca-kefka\/","title":{"rendered":"Elektrick\u00e1 \u010distiaca kefa"},"content":{"rendered":"","protected":false},"excerpt":{"rendered":"<p>M\u00e1te u\u017e dos\u0165 \u0165a\u017eko \u010distite\u013en\u00fdch \u0161kv\u0155n? N\u00e1\u0161 &#8220;univerz\u00e1lny elektrick\u00fd \u010disti\u010d&#8221; je va\u0161e univerz\u00e1lne rie\u0161enie. Porad\u00ed si s odolnou \u0161pinou z riadu, obnov\u00ed lesk induk\u010dnej dosky a dokonca osvie\u017ei aj v\u00e1\u0161 gau\u010d. Vezmite si tohto dokonal\u00e9ho spolo\u010dn\u00edka na upratovanie a postarajte sa o bezchybn\u00fd domov v kr\u00e1tkom \u010dase!<\/p>\n","protected":false},"featured_media":1393,"comment_status":"open","ping_status":"closed","template":"","meta":[],"product_cat":[167],"product_tag":[],"class_list":["post-1774","product","type-product","status-publish","has-post-thumbnail","hentry","product_cat-vsetko-pre-domov"],"_links":{"self":[{"href":"https:\/\/eubazaar.shop\/sk\/wp-json\/wp\/v2\/product\/1774","targetHints":{"allow":["GET"]}}],"collection":[{"href":"https:\/\/eubazaar.shop\/sk\/wp-json\/wp\/v2\/product"}],"about":[{"href":"https:\/\/eubazaar.shop\/sk\/wp-json\/wp\/v2\/types\/product"}],"replies":[{"embeddable":true,"href":"https:\/\/eubazaar.shop\/sk\/wp-json\/wp\/v2\/comments?post=1774"}],"wp:featuredmedia":[{"embeddable":true,"href":"https:\/\/eubazaar.shop\/sk\/wp-json\/wp\/v2\/media\/1393"}],"wp:attachment":[{"href":"https:\/\/eubazaar.shop\/sk\/wp-json\/wp\/v2\/media?parent=1774"}],"wp:term":[{"taxonomy":"product_cat","embeddable":true,"href":"https:\/\/eubazaar.shop\/sk\/wp-json\/wp\/v2\/product_cat?post=1774"},{"taxonomy":"product_tag","embeddable":true,"href":"https:\/\/eubazaar.shop\/sk\/wp-json\/wp\/v2\/product_tag?post=1774"}],"curies":[{"name":"wp","href":"https:\/\/api.w.org\/{rel}","templated":true}]}}