{"id":1720,"date":"2023-08-03T09:44:25","date_gmt":"2023-08-03T09:44:25","guid":{"rendered":"https:\/\/eubazaar.shop\/product\/vsestranny-masazny-pristroj-na-telo\/"},"modified":"2024-08-09T19:42:45","modified_gmt":"2024-08-09T19:42:45","slug":"vsestranny-masazny-pristroj-na-telo","status":"publish","type":"product","link":"https:\/\/eubazaar.shop\/sk\/produkt\/vsestranny-masazny-pristroj-na-telo\/","title":{"rendered":"V\u0161estrann\u00fd mas\u00e1\u017eny pr\u00edstroj na telo"},"content":{"rendered":"","protected":false},"excerpt":{"rendered":"<p>Poci\u0165ujete \u010dast\u00e9 bolesti tela? Vysk\u00fa\u0161ajte n\u00e1\u0161 &#8220;v\u0161estrann\u00fd mas\u00e1\u017eny pr\u00edstroj na telo&#8221;. Pripevnite ho na ktor\u00fako\u013evek \u010das\u0165 tela a okam\u017eite si doprajte upokojuj\u00facu mas\u00e1\u017e. Nenechajte sa ovl\u00e1dnu\u0165 nepohodl\u00edm &#8211; objednajte si teraz \u00fa\u013eavu na mieste!<\/p>\n","protected":false},"featured_media":1171,"comment_status":"open","ping_status":"closed","template":"","meta":[],"product_cat":[172],"product_tag":[],"class_list":["post-1720","product","type-product","status-publish","has-post-thumbnail","hentry","product_cat-prislusenstvo-pre-automobily"],"_links":{"self":[{"href":"https:\/\/eubazaar.shop\/sk\/wp-json\/wp\/v2\/product\/1720","targetHints":{"allow":["GET"]}}],"collection":[{"href":"https:\/\/eubazaar.shop\/sk\/wp-json\/wp\/v2\/product"}],"about":[{"href":"https:\/\/eubazaar.shop\/sk\/wp-json\/wp\/v2\/types\/product"}],"replies":[{"embeddable":true,"href":"https:\/\/eubazaar.shop\/sk\/wp-json\/wp\/v2\/comments?post=1720"}],"wp:featuredmedia":[{"embeddable":true,"href":"https:\/\/eubazaar.shop\/sk\/wp-json\/wp\/v2\/media\/1171"}],"wp:attachment":[{"href":"https:\/\/eubazaar.shop\/sk\/wp-json\/wp\/v2\/media?parent=1720"}],"wp:term":[{"taxonomy":"product_cat","embeddable":true,"href":"https:\/\/eubazaar.shop\/sk\/wp-json\/wp\/v2\/product_cat?post=1720"},{"taxonomy":"product_tag","embeddable":true,"href":"https:\/\/eubazaar.shop\/sk\/wp-json\/wp\/v2\/product_tag?post=1720"}],"curies":[{"name":"wp","href":"https:\/\/api.w.org\/{rel}","templated":true}]}}