{"id":1712,"date":"2023-08-03T09:32:06","date_gmt":"2023-08-03T09:32:06","guid":{"rendered":"https:\/\/eubazaar.shop\/product\/vysavac-do-auta\/"},"modified":"2023-08-03T09:32:06","modified_gmt":"2023-08-03T09:32:06","slug":"vysavac-do-auta","status":"publish","type":"product","link":"https:\/\/eubazaar.shop\/sk\/produkt\/vysavac-do-auta\/","title":{"rendered":"Vys\u00e1va\u010d do auta"},"content":{"rendered":"","protected":false},"excerpt":{"rendered":"<p>M\u00e1te u\u017e dos\u0165 \u0161pinav\u00e9ho interi\u00e9ru auta? Zozn\u00e1mte sa s na\u0161\u00edm &#8220;kompaktn\u00fdm vys\u00e1va\u010dom do auta&#8221;. Tento v\u00fdkonn\u00fd n\u00e1stroj je navrhnut\u00fd tak, aby dosiahol do ka\u017ed\u00e9ho k\u00fata v\u00e1\u0161ho auta a odstr\u00e1nil z neho ne\u010distoty, omrvinky a v\u0161etky nepr\u00edjemn\u00e9 k\u00fasky, ktor\u00e9 sa nejak\u00fdm sp\u00f4sobom dostan\u00fa pod sedadl\u00e1. Je \u013eahk\u00fd a mimoriadne prenosn\u00fd, tak\u017ee je ide\u00e1lny na udr\u017eiavanie \u010distoty a poriadku vo vozidle bez oh\u013eadu na to, kam v\u00e1s cesty zaved\u00fa. Jazdite v \u010distote a pohodl\u00ed &#8211; objednajte si n\u00e1\u0161 kompaktn\u00fd vys\u00e1va\u010d do auta a rozl\u00fa\u010dte sa s neporiadkom v aute nadobro!<\/p>\n","protected":false},"featured_media":1147,"comment_status":"open","ping_status":"closed","template":"","meta":[],"product_cat":[172],"product_tag":[],"class_list":["post-1712","product","type-product","status-publish","has-post-thumbnail","hentry","product_cat-prislusenstvo-pre-automobily"],"_links":{"self":[{"href":"https:\/\/eubazaar.shop\/sk\/wp-json\/wp\/v2\/product\/1712","targetHints":{"allow":["GET"]}}],"collection":[{"href":"https:\/\/eubazaar.shop\/sk\/wp-json\/wp\/v2\/product"}],"about":[{"href":"https:\/\/eubazaar.shop\/sk\/wp-json\/wp\/v2\/types\/product"}],"replies":[{"embeddable":true,"href":"https:\/\/eubazaar.shop\/sk\/wp-json\/wp\/v2\/comments?post=1712"}],"wp:featuredmedia":[{"embeddable":true,"href":"https:\/\/eubazaar.shop\/sk\/wp-json\/wp\/v2\/media\/1147"}],"wp:attachment":[{"href":"https:\/\/eubazaar.shop\/sk\/wp-json\/wp\/v2\/media?parent=1712"}],"wp:term":[{"taxonomy":"product_cat","embeddable":true,"href":"https:\/\/eubazaar.shop\/sk\/wp-json\/wp\/v2\/product_cat?post=1712"},{"taxonomy":"product_tag","embeddable":true,"href":"https:\/\/eubazaar.shop\/sk\/wp-json\/wp\/v2\/product_tag?post=1712"}],"curies":[{"name":"wp","href":"https:\/\/api.w.org\/{rel}","templated":true}]}}