{"id":1707,"date":"2023-08-03T10:21:37","date_gmt":"2023-08-03T10:21:37","guid":{"rendered":"https:\/\/eubazaar.shop\/product\/inteligentne-hodinky-d20\/"},"modified":"2023-08-03T10:21:37","modified_gmt":"2023-08-03T10:21:37","slug":"smart-watch-d20","status":"publish","type":"product","link":"https:\/\/eubazaar.shop\/sk\/produkt\/smart-watch-d20\/","title":{"rendered":"Inteligentn\u00e9 hodinky D20"},"content":{"rendered":"","protected":false},"excerpt":{"rendered":"<p>Chcete zosta\u0165 v kontakte a zdrav\u00fd vo ve\u013ekom \u0161t\u00fdle? Zozn\u00e1mte sa s inteligentn\u00fdmi hodinkami D20. Toto elegantn\u00e9 zariadenie je fitness tracker a osobn\u00fd asistent v jednom. Z\u00edskajte svoj D20 teraz a osvojte si inteligentn\u00fd \u017eivotn\u00fd \u0161t\u00fdl!<\/p>\n","protected":false},"featured_media":1291,"comment_status":"open","ping_status":"closed","template":"","meta":[],"product_cat":[174],"product_tag":[],"class_list":["post-1707","product","type-product","status-publish","has-post-thumbnail","hentry","product_cat-inteligentne-hodinky"],"_links":{"self":[{"href":"https:\/\/eubazaar.shop\/sk\/wp-json\/wp\/v2\/product\/1707","targetHints":{"allow":["GET"]}}],"collection":[{"href":"https:\/\/eubazaar.shop\/sk\/wp-json\/wp\/v2\/product"}],"about":[{"href":"https:\/\/eubazaar.shop\/sk\/wp-json\/wp\/v2\/types\/product"}],"replies":[{"embeddable":true,"href":"https:\/\/eubazaar.shop\/sk\/wp-json\/wp\/v2\/comments?post=1707"}],"wp:featuredmedia":[{"embeddable":true,"href":"https:\/\/eubazaar.shop\/sk\/wp-json\/wp\/v2\/media\/1291"}],"wp:attachment":[{"href":"https:\/\/eubazaar.shop\/sk\/wp-json\/wp\/v2\/media?parent=1707"}],"wp:term":[{"taxonomy":"product_cat","embeddable":true,"href":"https:\/\/eubazaar.shop\/sk\/wp-json\/wp\/v2\/product_cat?post=1707"},{"taxonomy":"product_tag","embeddable":true,"href":"https:\/\/eubazaar.shop\/sk\/wp-json\/wp\/v2\/product_tag?post=1707"}],"curies":[{"name":"wp","href":"https:\/\/api.w.org\/{rel}","templated":true}]}}