{"id":1703,"date":"2023-08-03T09:18:24","date_gmt":"2023-08-03T09:18:24","guid":{"rendered":"https:\/\/eubazaar.shop\/product\/drziak-telefonu-do-auta\/"},"modified":"2023-08-03T09:18:24","modified_gmt":"2023-08-03T09:18:24","slug":"drziak-telefonu-do-auta","status":"publish","type":"product","link":"https:\/\/eubazaar.shop\/sk\/produkt\/drziak-telefonu-do-auta\/","title":{"rendered":"Dr\u017eiak telef\u00f3nu do auta"},"content":{"rendered":"","protected":false},"excerpt":{"rendered":"<p>Je \u0165a\u017ek\u00e9 sk\u013abi\u0165 jazdu autom a navig\u00e1ciu? Predstavujeme v\u00e1m n\u00e1\u0161 &#8220;Bezpe\u010dn\u00fd dr\u017eiak telef\u00f3nu do auta&#8221;. Udr\u017euje telef\u00f3n v stabilnej polohe a na dosah, \u010d\u00edm umo\u017e\u0148uje bezpe\u010dn\u00fa navig\u00e1ciu GPS bez pou\u017eitia r\u00fak a jednoduch\u00fd pr\u00edstup k zoznamom skladieb. U\u017e \u017eiadne prehmat\u00e1vanie zariadenia po\u010das jazdy. Za\u017eite bezpe\u010dnej\u0161iu a pohodlnej\u0161iu cestu &#8211; objednajte si n\u00e1\u0161 bezpe\u010dn\u00fd dr\u017eiak telef\u00f3nu do auta e\u0161te dnes a zosta\u0148te v spojen\u00ed aj na cest\u00e1ch!<\/p>\n","protected":false},"featured_media":1105,"comment_status":"open","ping_status":"closed","template":"","meta":[],"product_cat":[172],"product_tag":[],"class_list":["post-1703","product","type-product","status-publish","has-post-thumbnail","hentry","product_cat-prislusenstvo-pre-automobily"],"_links":{"self":[{"href":"https:\/\/eubazaar.shop\/sk\/wp-json\/wp\/v2\/product\/1703","targetHints":{"allow":["GET"]}}],"collection":[{"href":"https:\/\/eubazaar.shop\/sk\/wp-json\/wp\/v2\/product"}],"about":[{"href":"https:\/\/eubazaar.shop\/sk\/wp-json\/wp\/v2\/types\/product"}],"replies":[{"embeddable":true,"href":"https:\/\/eubazaar.shop\/sk\/wp-json\/wp\/v2\/comments?post=1703"}],"wp:featuredmedia":[{"embeddable":true,"href":"https:\/\/eubazaar.shop\/sk\/wp-json\/wp\/v2\/media\/1105"}],"wp:attachment":[{"href":"https:\/\/eubazaar.shop\/sk\/wp-json\/wp\/v2\/media?parent=1703"}],"wp:term":[{"taxonomy":"product_cat","embeddable":true,"href":"https:\/\/eubazaar.shop\/sk\/wp-json\/wp\/v2\/product_cat?post=1703"},{"taxonomy":"product_tag","embeddable":true,"href":"https:\/\/eubazaar.shop\/sk\/wp-json\/wp\/v2\/product_tag?post=1703"}],"curies":[{"name":"wp","href":"https:\/\/api.w.org\/{rel}","templated":true}]}}