{"id":1692,"date":"2023-08-03T07:49:29","date_gmt":"2023-08-03T07:49:29","guid":{"rendered":"https:\/\/eubazaar.shop\/product\/multifunkcny-stojan-na-nohavice\/"},"modified":"2023-08-03T07:49:29","modified_gmt":"2023-08-03T07:49:29","slug":"multifunkcny_vesiak-na-nohavice","status":"publish","type":"product","link":"https:\/\/eubazaar.shop\/sk\/produkt\/multifunkcny_vesiak-na-nohavice\/","title":{"rendered":"Multifunk\u010dn\u00fd stojan na nohavice"},"content":{"rendered":"","protected":false},"excerpt":{"rendered":"<p>Bojujete s organiz\u00e1ciou \u0161atn\u00edka? Pozdravte n\u00e1\u0161 &#8220;multifunk\u010dn\u00fd stojan na nohavice&#8221;. Tento d\u00f4myseln\u00fd organiz\u00e9r optimalizuje priestor v skrini a udr\u017eiava nohavice \u00fah\u013eadne usporiadan\u00e9, \u010d\u00edm zabra\u0148uje ich pokr\u010deniu a pokr\u010deniu. Ale nie je to len na nohavice! Jeho univerz\u00e1lny dizajn je ide\u00e1lny na zavesenie krav\u00e1t, \u0161\u00e1lov a opaskov. Vytvorte si organizovan\u00fd a \u013eahko dostupn\u00fd \u0161atn\u00edk &#8211; objednajte si n\u00e1\u0161 multifunk\u010dn\u00fd stojan na nohavice a urobte revol\u00faciu v organiz\u00e1cii svojho \u0161atn\u00edka!<\/p>\n","protected":false},"featured_media":1081,"comment_status":"open","ping_status":"closed","template":"","meta":[],"product_cat":[167],"product_tag":[],"class_list":["post-1692","product","type-product","status-publish","has-post-thumbnail","hentry","product_cat-vsetko-pre-domov"],"_links":{"self":[{"href":"https:\/\/eubazaar.shop\/sk\/wp-json\/wp\/v2\/product\/1692","targetHints":{"allow":["GET"]}}],"collection":[{"href":"https:\/\/eubazaar.shop\/sk\/wp-json\/wp\/v2\/product"}],"about":[{"href":"https:\/\/eubazaar.shop\/sk\/wp-json\/wp\/v2\/types\/product"}],"replies":[{"embeddable":true,"href":"https:\/\/eubazaar.shop\/sk\/wp-json\/wp\/v2\/comments?post=1692"}],"wp:featuredmedia":[{"embeddable":true,"href":"https:\/\/eubazaar.shop\/sk\/wp-json\/wp\/v2\/media\/1081"}],"wp:attachment":[{"href":"https:\/\/eubazaar.shop\/sk\/wp-json\/wp\/v2\/media?parent=1692"}],"wp:term":[{"taxonomy":"product_cat","embeddable":true,"href":"https:\/\/eubazaar.shop\/sk\/wp-json\/wp\/v2\/product_cat?post=1692"},{"taxonomy":"product_tag","embeddable":true,"href":"https:\/\/eubazaar.shop\/sk\/wp-json\/wp\/v2\/product_tag?post=1692"}],"curies":[{"name":"wp","href":"https:\/\/api.w.org\/{rel}","templated":true}]}}