{"id":1682,"date":"2023-08-03T09:52:03","date_gmt":"2023-08-03T09:52:03","guid":{"rendered":"https:\/\/eubazaar.shop\/product\/nahrdelnik-s-obalkou\/"},"modified":"2023-08-03T09:52:03","modified_gmt":"2023-08-03T09:52:03","slug":"obalka-nahrdelnik","status":"publish","type":"product","link":"https:\/\/eubazaar.shop\/sk\/produkt\/obalka-nahrdelnik\/","title":{"rendered":"N\u00e1hrdeln\u00edk s ob\u00e1lkou"},"content":{"rendered":"","protected":false},"excerpt":{"rendered":"<p>H\u013ead\u00e1te dokonal\u00fd romantick\u00fd dar\u010dek? Objavte n\u00e1\u0161 n\u00e1hrdeln\u00edk &#8220;Love Letter Envelope Necklace&#8221;. Miniat\u00farny list s n\u00e1pisom &#8220;Love you&#8221; vlo\u017een\u00fd do jemnej ob\u00e1lky je srdcerv\u00facim odkazom, ktor\u00fd m\u00f4\u017eete nosi\u0165. Ne\u010dakajte! Objednajte si teraz a noste alebo zdie\u013eajte tento o\u010daruj\u00faci prejav l\u00e1sky.<\/p>\n","protected":false},"featured_media":1195,"comment_status":"open","ping_status":"closed","template":"","meta":[],"product_cat":[165],"product_tag":[],"class_list":["post-1682","product","type-product","status-publish","has-post-thumbnail","hentry","product_cat-sperky"],"_links":{"self":[{"href":"https:\/\/eubazaar.shop\/sk\/wp-json\/wp\/v2\/product\/1682","targetHints":{"allow":["GET"]}}],"collection":[{"href":"https:\/\/eubazaar.shop\/sk\/wp-json\/wp\/v2\/product"}],"about":[{"href":"https:\/\/eubazaar.shop\/sk\/wp-json\/wp\/v2\/types\/product"}],"replies":[{"embeddable":true,"href":"https:\/\/eubazaar.shop\/sk\/wp-json\/wp\/v2\/comments?post=1682"}],"wp:featuredmedia":[{"embeddable":true,"href":"https:\/\/eubazaar.shop\/sk\/wp-json\/wp\/v2\/media\/1195"}],"wp:attachment":[{"href":"https:\/\/eubazaar.shop\/sk\/wp-json\/wp\/v2\/media?parent=1682"}],"wp:term":[{"taxonomy":"product_cat","embeddable":true,"href":"https:\/\/eubazaar.shop\/sk\/wp-json\/wp\/v2\/product_cat?post=1682"},{"taxonomy":"product_tag","embeddable":true,"href":"https:\/\/eubazaar.shop\/sk\/wp-json\/wp\/v2\/product_tag?post=1682"}],"curies":[{"name":"wp","href":"https:\/\/api.w.org\/{rel}","templated":true}]}}