{"id":1763,"date":"2023-08-03T10:48:48","date_gmt":"2023-08-03T10:48:48","guid":{"rendered":"https:\/\/eubazaar.shop\/product\/perie-de-curatare-electrica\/"},"modified":"2023-08-03T10:48:48","modified_gmt":"2023-08-03T10:48:48","slug":"perie-de-curatare-electrica","status":"publish","type":"product","link":"https:\/\/eubazaar.shop\/ro\/produs\/perie-de-curatare-electrica\/","title":{"rendered":"Perie de cur\u0103\u021bare electric\u0103"},"content":{"rendered":"","protected":false},"excerpt":{"rendered":"<p>Te-ai s\u0103turat de petele greu de cur\u0103\u021bat? &#8220;Exfoliatorul nostru versatil de energie electric\u0103&#8221; este solu\u021bia dvs. all-in-one. \u00cendep\u0103rteaz\u0103 murd\u0103ria \u00eenc\u0103p\u0103\u021b\u00e2nat\u0103 de pe vase, red\u0103 str\u0103lucirea pl\u0103cii de induc\u021bie \u0219i chiar \u00eemprosp\u0103teaz\u0103 canapeaua. Lua\u021bi acum acest companion de cur\u0103\u021benie suprem pentru o cas\u0103 impecabil\u0103 \u00een cel mai scurt timp!<\/p>\n","protected":false},"featured_media":1392,"comment_status":"open","ping_status":"closed","template":"","meta":[],"product_cat":[161],"product_tag":[],"class_list":["post-1763","product","type-product","status-publish","has-post-thumbnail","hentry","product_cat-totul-pentru-acasa"],"_links":{"self":[{"href":"https:\/\/eubazaar.shop\/ro\/wp-json\/wp\/v2\/product\/1763","targetHints":{"allow":["GET"]}}],"collection":[{"href":"https:\/\/eubazaar.shop\/ro\/wp-json\/wp\/v2\/product"}],"about":[{"href":"https:\/\/eubazaar.shop\/ro\/wp-json\/wp\/v2\/types\/product"}],"replies":[{"embeddable":true,"href":"https:\/\/eubazaar.shop\/ro\/wp-json\/wp\/v2\/comments?post=1763"}],"wp:featuredmedia":[{"embeddable":true,"href":"https:\/\/eubazaar.shop\/ro\/wp-json\/wp\/v2\/media\/1392"}],"wp:attachment":[{"href":"https:\/\/eubazaar.shop\/ro\/wp-json\/wp\/v2\/media?parent=1763"}],"wp:term":[{"taxonomy":"product_cat","embeddable":true,"href":"https:\/\/eubazaar.shop\/ro\/wp-json\/wp\/v2\/product_cat?post=1763"},{"taxonomy":"product_tag","embeddable":true,"href":"https:\/\/eubazaar.shop\/ro\/wp-json\/wp\/v2\/product_tag?post=1763"}],"curies":[{"name":"wp","href":"https:\/\/api.w.org\/{rel}","templated":true}]}}