{"id":1726,"date":"2023-08-03T09:52:03","date_gmt":"2023-08-03T09:52:03","guid":{"rendered":"https:\/\/eubazaar.shop\/product\/colier-plic\/"},"modified":"2023-08-03T09:52:03","modified_gmt":"2023-08-03T09:52:03","slug":"plic-necklace","status":"publish","type":"product","link":"https:\/\/eubazaar.shop\/ro\/produs\/plic-necklace\/","title":{"rendered":"Colier plic"},"content":{"rendered":"","protected":false},"excerpt":{"rendered":"<p>C\u0103uta\u021bi cadoul romantic perfect? Descoperi\u021bi colierul &#8220;Love Letter Envelope Necklace&#8221;. O scrisoare miniatural\u0103 &#8220;te iubesc&#8221; cuib\u0103rit\u0103 \u00eentr-un pandantiv plic delicat este mesajul sincer pe care \u00eel pute\u021bi purta. Nu a\u0219tepta\u021bi! Comanda\u021bi acum pentru a purta sau \u00eemp\u0103rt\u0103\u0219i aceast\u0103 expresie \u00eenc\u00e2nt\u0103toare a iubirii.<\/p>\n","protected":false},"featured_media":1194,"comment_status":"open","ping_status":"closed","template":"","meta":[],"product_cat":[181],"product_tag":[],"class_list":["post-1726","product","type-product","status-publish","has-post-thumbnail","hentry","product_cat-bijuterii"],"_links":{"self":[{"href":"https:\/\/eubazaar.shop\/ro\/wp-json\/wp\/v2\/product\/1726","targetHints":{"allow":["GET"]}}],"collection":[{"href":"https:\/\/eubazaar.shop\/ro\/wp-json\/wp\/v2\/product"}],"about":[{"href":"https:\/\/eubazaar.shop\/ro\/wp-json\/wp\/v2\/types\/product"}],"replies":[{"embeddable":true,"href":"https:\/\/eubazaar.shop\/ro\/wp-json\/wp\/v2\/comments?post=1726"}],"wp:featuredmedia":[{"embeddable":true,"href":"https:\/\/eubazaar.shop\/ro\/wp-json\/wp\/v2\/media\/1194"}],"wp:attachment":[{"href":"https:\/\/eubazaar.shop\/ro\/wp-json\/wp\/v2\/media?parent=1726"}],"wp:term":[{"taxonomy":"product_cat","embeddable":true,"href":"https:\/\/eubazaar.shop\/ro\/wp-json\/wp\/v2\/product_cat?post=1726"},{"taxonomy":"product_tag","embeddable":true,"href":"https:\/\/eubazaar.shop\/ro\/wp-json\/wp\/v2\/product_tag?post=1726"}],"curies":[{"name":"wp","href":"https:\/\/api.w.org\/{rel}","templated":true}]}}