{"id":1693,"date":"2023-08-03T10:21:37","date_gmt":"2023-08-03T10:21:37","guid":{"rendered":"https:\/\/eubazaar.shop\/product\/ceas-inteligent-d20\/"},"modified":"2023-08-03T10:21:37","modified_gmt":"2023-08-03T10:21:37","slug":"smart-watch-d20","status":"publish","type":"product","link":"https:\/\/eubazaar.shop\/ro\/produs\/smart-watch-d20\/","title":{"rendered":"Ceas inteligent D20"},"content":{"rendered":"","protected":false},"excerpt":{"rendered":"<p>Vrei s\u0103 r\u0103m\u00e2i conectat \u0219i s\u0103n\u0103tos \u00een stil? Face\u021bi cuno\u0219tin\u021b\u0103 cu &#8220;Smart Watch D20&#8221;. Acest dispozitiv elegant este un tracker de fitness \u0219i un asistent personal \u00eentr-unul singur. Ob\u021bine\u021bi D20 acum \u0219i \u00eembr\u0103\u021bi\u0219a\u021bi stilul de via\u021b\u0103 inteligent!<\/p>\n","protected":false},"featured_media":1290,"comment_status":"open","ping_status":"closed","template":"","meta":[],"product_cat":[168],"product_tag":[],"class_list":["post-1693","product","type-product","status-publish","has-post-thumbnail","hentry","product_cat-ceasuri-inteligente"],"_links":{"self":[{"href":"https:\/\/eubazaar.shop\/ro\/wp-json\/wp\/v2\/product\/1693","targetHints":{"allow":["GET"]}}],"collection":[{"href":"https:\/\/eubazaar.shop\/ro\/wp-json\/wp\/v2\/product"}],"about":[{"href":"https:\/\/eubazaar.shop\/ro\/wp-json\/wp\/v2\/types\/product"}],"replies":[{"embeddable":true,"href":"https:\/\/eubazaar.shop\/ro\/wp-json\/wp\/v2\/comments?post=1693"}],"wp:featuredmedia":[{"embeddable":true,"href":"https:\/\/eubazaar.shop\/ro\/wp-json\/wp\/v2\/media\/1290"}],"wp:attachment":[{"href":"https:\/\/eubazaar.shop\/ro\/wp-json\/wp\/v2\/media?parent=1693"}],"wp:term":[{"taxonomy":"product_cat","embeddable":true,"href":"https:\/\/eubazaar.shop\/ro\/wp-json\/wp\/v2\/product_cat?post=1693"},{"taxonomy":"product_tag","embeddable":true,"href":"https:\/\/eubazaar.shop\/ro\/wp-json\/wp\/v2\/product_tag?post=1693"}],"curies":[{"name":"wp","href":"https:\/\/api.w.org\/{rel}","templated":true}]}}