{"id":1689,"date":"2023-08-03T09:18:24","date_gmt":"2023-08-03T09:18:24","guid":{"rendered":"https:\/\/eubazaar.shop\/product\/suport-pentru-telefon-auto\/"},"modified":"2023-08-03T09:18:24","modified_gmt":"2023-08-03T09:18:24","slug":"suport-de-telefon-pentru-masina","status":"publish","type":"product","link":"https:\/\/eubazaar.shop\/ro\/produs\/suport-de-telefon-pentru-masina\/","title":{"rendered":"Suport pentru telefon auto"},"content":{"rendered":"","protected":false},"excerpt":{"rendered":"<p>V\u0103 este greu s\u0103 jongla\u021bi \u00eentre condus \u0219i navigat? V\u0103 prezent\u0103m &#8220;Suportul securizat pentru telefon pentru ma\u0219in\u0103&#8221;. Acesta v\u0103 men\u021bine telefonul stabil \u0219i la \u00eendem\u00e2n\u0103, permi\u021b\u00e2nd o navigare GPS sigur\u0103 \u0219i hands-free \u0219i acces u\u0219or la listele de redare. Gata cu b\u00e2jb\u00e2iala cu dispozitivul \u00een timp ce conduce\u021bi. Experimenta\u021bi o c\u0103l\u0103torie mai sigur\u0103 \u0219i mai convenabil\u0103 &#8211; comanda\u021bi ast\u0103zi suportul nostru securizat pentru telefon pentru ma\u0219in\u0103 \u0219i r\u0103m\u00e2ne\u021bi conectat \u00een mi\u0219care!<\/p>\n","protected":false},"featured_media":1104,"comment_status":"open","ping_status":"closed","template":"","meta":[],"product_cat":[166],"product_tag":[],"class_list":["post-1689","product","type-product","status-publish","has-post-thumbnail","hentry","product_cat-accesorii-auto"],"_links":{"self":[{"href":"https:\/\/eubazaar.shop\/ro\/wp-json\/wp\/v2\/product\/1689","targetHints":{"allow":["GET"]}}],"collection":[{"href":"https:\/\/eubazaar.shop\/ro\/wp-json\/wp\/v2\/product"}],"about":[{"href":"https:\/\/eubazaar.shop\/ro\/wp-json\/wp\/v2\/types\/product"}],"replies":[{"embeddable":true,"href":"https:\/\/eubazaar.shop\/ro\/wp-json\/wp\/v2\/comments?post=1689"}],"wp:featuredmedia":[{"embeddable":true,"href":"https:\/\/eubazaar.shop\/ro\/wp-json\/wp\/v2\/media\/1104"}],"wp:attachment":[{"href":"https:\/\/eubazaar.shop\/ro\/wp-json\/wp\/v2\/media?parent=1689"}],"wp:term":[{"taxonomy":"product_cat","embeddable":true,"href":"https:\/\/eubazaar.shop\/ro\/wp-json\/wp\/v2\/product_cat?post=1689"},{"taxonomy":"product_tag","embeddable":true,"href":"https:\/\/eubazaar.shop\/ro\/wp-json\/wp\/v2\/product_tag?post=1689"}],"curies":[{"name":"wp","href":"https:\/\/api.w.org\/{rel}","templated":true}]}}