{"id":1679,"date":"2023-08-03T07:49:29","date_gmt":"2023-08-03T07:49:29","guid":{"rendered":"https:\/\/eubazaar.shop\/product\/rack-multifunctional-pentru-pantaloni\/"},"modified":"2023-08-03T07:49:29","modified_gmt":"2023-08-03T07:49:29","slug":"multifunctional_pants_rack","status":"publish","type":"product","link":"https:\/\/eubazaar.shop\/ro\/produs\/multifunctional_pants_rack\/","title":{"rendered":"Rack multifunc\u021bional pentru pantaloni"},"content":{"rendered":"","protected":false},"excerpt":{"rendered":"<p>Te lup\u021bi cu organizarea garderobei? Saluta\u021bi &#8220;suportul nostru multifunc\u021bional pentru pantaloni&#8221;. Acest organizator ingenios v\u0103 optimizeaz\u0103 spa\u021biul din dulap \u0219i v\u0103 p\u0103streaz\u0103 pantalonii bine aranja\u021bi, prevenind apari\u021bia ridurilor \u0219i a \u00eencre\u021biturilor. Dar nu este doar pentru pantaloni! Designul s\u0103u versatil este perfect pentru a ag\u0103\u021ba cravate, e\u0219arfe \u0219i curele. Crea\u021bi o garderob\u0103 organizat\u0103 \u0219i u\u0219or accesibil\u0103 &#8211; comanda\u021bi acum suportul nostru multifunc\u021bional pentru pantaloni \u0219i revolu\u021biona\u021bi organizarea dulapului!<\/p>\n","protected":false},"featured_media":1080,"comment_status":"open","ping_status":"closed","template":"","meta":[],"product_cat":[161],"product_tag":[],"class_list":["post-1679","product","type-product","status-publish","has-post-thumbnail","hentry","product_cat-totul-pentru-acasa"],"_links":{"self":[{"href":"https:\/\/eubazaar.shop\/ro\/wp-json\/wp\/v2\/product\/1679","targetHints":{"allow":["GET"]}}],"collection":[{"href":"https:\/\/eubazaar.shop\/ro\/wp-json\/wp\/v2\/product"}],"about":[{"href":"https:\/\/eubazaar.shop\/ro\/wp-json\/wp\/v2\/types\/product"}],"replies":[{"embeddable":true,"href":"https:\/\/eubazaar.shop\/ro\/wp-json\/wp\/v2\/comments?post=1679"}],"wp:featuredmedia":[{"embeddable":true,"href":"https:\/\/eubazaar.shop\/ro\/wp-json\/wp\/v2\/media\/1080"}],"wp:attachment":[{"href":"https:\/\/eubazaar.shop\/ro\/wp-json\/wp\/v2\/media?parent=1679"}],"wp:term":[{"taxonomy":"product_cat","embeddable":true,"href":"https:\/\/eubazaar.shop\/ro\/wp-json\/wp\/v2\/product_cat?post=1679"},{"taxonomy":"product_tag","embeddable":true,"href":"https:\/\/eubazaar.shop\/ro\/wp-json\/wp\/v2\/product_tag?post=1679"}],"curies":[{"name":"wp","href":"https:\/\/api.w.org\/{rel}","templated":true}]}}