{"id":1702,"date":"2023-08-03T09:44:25","date_gmt":"2023-08-03T09:44:25","guid":{"rendered":"https:\/\/eubazaar.shop\/product\/wszechstronny-masazer-do-ciala\/"},"modified":"2023-08-03T09:44:25","modified_gmt":"2023-08-03T09:44:25","slug":"wszechstronny-masazer-ciala","status":"publish","type":"product","link":"https:\/\/eubazaar.shop\/pl\/produkt\/wszechstronny-masazer-ciala\/","title":{"rendered":"Wszechstronny masa\u017cer do cia\u0142a"},"content":{"rendered":"","protected":false},"excerpt":{"rendered":"<p>Do\u015bwiadczasz cz\u0119stych b\u00f3l\u00f3w cia\u0142a? Wypr\u00f3buj nasz &#8220;Wszechstronny masa\u017cer cia\u0142a&#8221;. Przymocuj go do dowolnej cz\u0119\u015bci cia\u0142a, aby uzyska\u0107 natychmiastowy koj\u0105cy masa\u017c. Nie pozw\u00f3l, by rz\u0105dzi\u0142 Tob\u0105 dyskomfort &#8211; zam\u00f3w ju\u017c teraz, by poczu\u0107 natychmiastow\u0105 ulg\u0119!<\/p>\n","protected":false},"featured_media":1169,"comment_status":"open","ping_status":"closed","template":"","meta":[],"product_cat":[162],"product_tag":[],"class_list":["post-1702","product","type-product","status-publish","has-post-thumbnail","hentry","product_cat-akcesoria-samochodowe"],"_links":{"self":[{"href":"https:\/\/eubazaar.shop\/pl\/wp-json\/wp\/v2\/product\/1702","targetHints":{"allow":["GET"]}}],"collection":[{"href":"https:\/\/eubazaar.shop\/pl\/wp-json\/wp\/v2\/product"}],"about":[{"href":"https:\/\/eubazaar.shop\/pl\/wp-json\/wp\/v2\/types\/product"}],"replies":[{"embeddable":true,"href":"https:\/\/eubazaar.shop\/pl\/wp-json\/wp\/v2\/comments?post=1702"}],"wp:featuredmedia":[{"embeddable":true,"href":"https:\/\/eubazaar.shop\/pl\/wp-json\/wp\/v2\/media\/1169"}],"wp:attachment":[{"href":"https:\/\/eubazaar.shop\/pl\/wp-json\/wp\/v2\/media?parent=1702"}],"wp:term":[{"taxonomy":"product_cat","embeddable":true,"href":"https:\/\/eubazaar.shop\/pl\/wp-json\/wp\/v2\/product_cat?post=1702"},{"taxonomy":"product_tag","embeddable":true,"href":"https:\/\/eubazaar.shop\/pl\/wp-json\/wp\/v2\/product_tag?post=1702"}],"curies":[{"name":"wp","href":"https:\/\/api.w.org\/{rel}","templated":true}]}}