{"id":1690,"date":"2023-08-03T09:32:06","date_gmt":"2023-08-03T09:32:06","guid":{"rendered":"https:\/\/eubazaar.shop\/product\/odkurzacz-samochodowy\/"},"modified":"2023-08-03T09:32:06","modified_gmt":"2023-08-03T09:32:06","slug":"odkurzacz-samochodowy","status":"publish","type":"product","link":"https:\/\/eubazaar.shop\/pl\/produkt\/odkurzacz-samochodowy\/","title":{"rendered":"Odkurzacz samochodowy"},"content":{"rendered":"","protected":false},"excerpt":{"rendered":"<p>Masz do\u015b\u0107 ba\u0142aganu we wn\u0119trzu samochodu? Poznaj nasz &#8220;kompaktowy odkurzacz samochodowy&#8221;. To pot\u0119\u017cne narz\u0119dzie zosta\u0142o zaprojektowane tak, aby dotrze\u0107 do ka\u017cdego zak\u0105tka samochodu, usuwaj\u0105c brud, okruchy i wszystkie te irytuj\u0105ce drobiazgi, kt\u00f3re w jaki\u015b spos\u00f3b znalaz\u0142y si\u0119 pod siedzeniami. Lekki i ultraprzeno\u015bny, jest idealny do utrzymania czystego i schludnego pojazdu, bez wzgl\u0119du na to, gdzie podr\u00f3\u017cujesz. Jed\u017a w czysto\u015bci i komforcie &#8211; zam\u00f3w nasz kompaktowy odkurzacz samochodowy ju\u017c teraz i po\u017cegnaj si\u0119 z ba\u0142aganem w samochodzie na dobre!<\/p>\n","protected":false},"featured_media":1145,"comment_status":"open","ping_status":"closed","template":"","meta":[],"product_cat":[162],"product_tag":[],"class_list":["post-1690","product","type-product","status-publish","has-post-thumbnail","hentry","product_cat-akcesoria-samochodowe"],"_links":{"self":[{"href":"https:\/\/eubazaar.shop\/pl\/wp-json\/wp\/v2\/product\/1690","targetHints":{"allow":["GET"]}}],"collection":[{"href":"https:\/\/eubazaar.shop\/pl\/wp-json\/wp\/v2\/product"}],"about":[{"href":"https:\/\/eubazaar.shop\/pl\/wp-json\/wp\/v2\/types\/product"}],"replies":[{"embeddable":true,"href":"https:\/\/eubazaar.shop\/pl\/wp-json\/wp\/v2\/comments?post=1690"}],"wp:featuredmedia":[{"embeddable":true,"href":"https:\/\/eubazaar.shop\/pl\/wp-json\/wp\/v2\/media\/1145"}],"wp:attachment":[{"href":"https:\/\/eubazaar.shop\/pl\/wp-json\/wp\/v2\/media?parent=1690"}],"wp:term":[{"taxonomy":"product_cat","embeddable":true,"href":"https:\/\/eubazaar.shop\/pl\/wp-json\/wp\/v2\/product_cat?post=1690"},{"taxonomy":"product_tag","embeddable":true,"href":"https:\/\/eubazaar.shop\/pl\/wp-json\/wp\/v2\/product_tag?post=1690"}],"curies":[{"name":"wp","href":"https:\/\/api.w.org\/{rel}","templated":true}]}}