{"id":1680,"date":"2023-08-03T09:18:24","date_gmt":"2023-08-03T09:18:24","guid":{"rendered":"https:\/\/eubazaar.shop\/product\/samochodowy-uchwyt-na-telefon\/"},"modified":"2023-08-03T09:18:24","modified_gmt":"2023-08-03T09:18:24","slug":"uchwyt-na-telefon-samochodowy","status":"publish","type":"product","link":"https:\/\/eubazaar.shop\/pl\/produkt\/uchwyt-na-telefon-samochodowy\/","title":{"rendered":"Samochodowy uchwyt na telefon"},"content":{"rendered":"","protected":false},"excerpt":{"rendered":"<p>Trudno jest pogodzi\u0107 jazd\u0119 z nawigacj\u0105? Przedstawiamy nasz &#8220;Bezpieczny uchwyt samochodowy na telefon&#8221;. Utrzymuje telefon stabilnie i w zasi\u0119gu r\u0119ki, umo\u017cliwiaj\u0105c bezpieczn\u0105 nawigacj\u0119 GPS bez u\u017cycia r\u0105k i \u0142atwy dost\u0119p do list odtwarzania. Koniec z grzebaniem w urz\u0105dzeniu podczas jazdy. Do\u015bwiadcz bezpieczniejszej i wygodniejszej podr\u00f3\u017cy &#8211; zam\u00f3w nasz bezpieczny samochodowy uchwyt na telefon ju\u017c dzi\u015b i pozosta\u0144 w kontakcie w drodze!<\/p>\n","protected":false},"featured_media":1103,"comment_status":"open","ping_status":"closed","template":"","meta":[],"product_cat":[162],"product_tag":[],"class_list":["post-1680","product","type-product","status-publish","has-post-thumbnail","hentry","product_cat-akcesoria-samochodowe"],"_links":{"self":[{"href":"https:\/\/eubazaar.shop\/pl\/wp-json\/wp\/v2\/product\/1680","targetHints":{"allow":["GET"]}}],"collection":[{"href":"https:\/\/eubazaar.shop\/pl\/wp-json\/wp\/v2\/product"}],"about":[{"href":"https:\/\/eubazaar.shop\/pl\/wp-json\/wp\/v2\/types\/product"}],"replies":[{"embeddable":true,"href":"https:\/\/eubazaar.shop\/pl\/wp-json\/wp\/v2\/comments?post=1680"}],"wp:featuredmedia":[{"embeddable":true,"href":"https:\/\/eubazaar.shop\/pl\/wp-json\/wp\/v2\/media\/1103"}],"wp:attachment":[{"href":"https:\/\/eubazaar.shop\/pl\/wp-json\/wp\/v2\/media?parent=1680"}],"wp:term":[{"taxonomy":"product_cat","embeddable":true,"href":"https:\/\/eubazaar.shop\/pl\/wp-json\/wp\/v2\/product_cat?post=1680"},{"taxonomy":"product_tag","embeddable":true,"href":"https:\/\/eubazaar.shop\/pl\/wp-json\/wp\/v2\/product_tag?post=1680"}],"curies":[{"name":"wp","href":"https:\/\/api.w.org\/{rel}","templated":true}]}}