{"id":1777,"date":"2023-08-03T10:48:48","date_gmt":"2023-08-03T10:48:48","guid":{"rendered":"https:\/\/eubazaar.shop\/product\/elektromos-tisztitokefe\/"},"modified":"2023-08-03T10:48:48","modified_gmt":"2023-08-03T10:48:48","slug":"elektromos-tisztitokefe","status":"publish","type":"product","link":"https:\/\/eubazaar.shop\/hu\/termek\/elektromos-tisztitokefe\/","title":{"rendered":"Elektromos tiszt\u00edt\u00f3kefe"},"content":{"rendered":"","protected":false},"excerpt":{"rendered":"<p>Elege van a nehezen tiszt\u00edthat\u00f3 foltokb\u00f3l? A &#8220;Sokoldal\u00fa elektromos teljes\u00edtm\u00e9ny\u0171 mos\u00f3g\u00e9p\u00fcnk&#8221; az \u00d6n mindent egyben megold\u00e1sa. Megoldja az ed\u00e9nyek makacs szennyez\u0151d\u00e9seit, helyre\u00e1ll\u00edtja az indukci\u00f3s lemez f\u00e9ny\u00e9t, \u00e9s m\u00e9g a kanap\u00e9t is felfriss\u00edti. Fogd ezt a t\u00f6k\u00e9letes takar\u00edt\u00f3t\u00e1rsat most, hogy pillanatok alatt makul\u00e1tlan otthonod legyen!<\/p>\n","protected":false},"featured_media":1389,"comment_status":"open","ping_status":"closed","template":"","meta":[],"product_cat":[170],"product_tag":[],"class_list":["post-1777","product","type-product","status-publish","has-post-thumbnail","hentry","product_cat-minden-otthonra"],"_links":{"self":[{"href":"https:\/\/eubazaar.shop\/hu\/wp-json\/wp\/v2\/product\/1777","targetHints":{"allow":["GET"]}}],"collection":[{"href":"https:\/\/eubazaar.shop\/hu\/wp-json\/wp\/v2\/product"}],"about":[{"href":"https:\/\/eubazaar.shop\/hu\/wp-json\/wp\/v2\/types\/product"}],"replies":[{"embeddable":true,"href":"https:\/\/eubazaar.shop\/hu\/wp-json\/wp\/v2\/comments?post=1777"}],"wp:featuredmedia":[{"embeddable":true,"href":"https:\/\/eubazaar.shop\/hu\/wp-json\/wp\/v2\/media\/1389"}],"wp:attachment":[{"href":"https:\/\/eubazaar.shop\/hu\/wp-json\/wp\/v2\/media?parent=1777"}],"wp:term":[{"taxonomy":"product_cat","embeddable":true,"href":"https:\/\/eubazaar.shop\/hu\/wp-json\/wp\/v2\/product_cat?post=1777"},{"taxonomy":"product_tag","embeddable":true,"href":"https:\/\/eubazaar.shop\/hu\/wp-json\/wp\/v2\/product_tag?post=1777"}],"curies":[{"name":"wp","href":"https:\/\/api.w.org\/{rel}","templated":true}]}}