{"id":1724,"date":"2023-08-03T09:32:06","date_gmt":"2023-08-03T09:32:06","guid":{"rendered":"https:\/\/eubazaar.shop\/product\/auto-porszivo\/"},"modified":"2023-08-03T09:32:06","modified_gmt":"2023-08-03T09:32:06","slug":"autoporszivo-tisztito","status":"publish","type":"product","link":"https:\/\/eubazaar.shop\/hu\/termek\/autoporszivo-tisztito\/","title":{"rendered":"Aut\u00f3 porsz\u00edv\u00f3"},"content":{"rendered":"","protected":false},"excerpt":{"rendered":"<p>Elege van a rendetlen bels\u0151 terekb\u0151l? Ismerje meg a &#8220;kompakt aut\u00f3porsz\u00edv\u00f3t&#8221;. Ezt a nagy teljes\u00edtm\u00e9ny\u0171 eszk\u00f6zt \u00fagy tervezt\u00e9k, hogy aut\u00f3ja minden zug\u00e1ba el\u00e9rjen, \u00e9s elt\u00e1vol\u00edtsa a szennyez\u0151d\u00e9seket, morzs\u00e1kat \u00e9s minden olyan bosszant\u00f3 dolgot, amely valahogyan utat tal\u00e1l az \u00fcl\u00e9sek al\u00e1. K\u00f6nny\u0171 \u00e9s rendk\u00edv\u00fcl hordozhat\u00f3, \u00edgy t\u00f6k\u00e9letesen alkalmas a tiszta \u00e9s rendezett j\u00e1rm\u0171 fenntart\u00e1s\u00e1ra, b\u00e1rhov\u00e1 is vezessenek az utaz\u00e1sai. Vezessen tiszt\u00e1n \u00e9s k\u00e9nyelmesen &#8211; rendelje meg kompakt aut\u00f3porsz\u00edv\u00f3nkat most, \u00e9s mondjon v\u00e9gleg b\u00facs\u00fat az aut\u00f3s rendetlens\u00e9gnek!<\/p>\n","protected":false},"featured_media":1143,"comment_status":"open","ping_status":"closed","template":"","meta":[],"product_cat":[160],"product_tag":[],"class_list":["post-1724","product","type-product","status-publish","has-post-thumbnail","hentry","product_cat-auto-tartozekok"],"_links":{"self":[{"href":"https:\/\/eubazaar.shop\/hu\/wp-json\/wp\/v2\/product\/1724","targetHints":{"allow":["GET"]}}],"collection":[{"href":"https:\/\/eubazaar.shop\/hu\/wp-json\/wp\/v2\/product"}],"about":[{"href":"https:\/\/eubazaar.shop\/hu\/wp-json\/wp\/v2\/types\/product"}],"replies":[{"embeddable":true,"href":"https:\/\/eubazaar.shop\/hu\/wp-json\/wp\/v2\/comments?post=1724"}],"wp:featuredmedia":[{"embeddable":true,"href":"https:\/\/eubazaar.shop\/hu\/wp-json\/wp\/v2\/media\/1143"}],"wp:attachment":[{"href":"https:\/\/eubazaar.shop\/hu\/wp-json\/wp\/v2\/media?parent=1724"}],"wp:term":[{"taxonomy":"product_cat","embeddable":true,"href":"https:\/\/eubazaar.shop\/hu\/wp-json\/wp\/v2\/product_cat?post=1724"},{"taxonomy":"product_tag","embeddable":true,"href":"https:\/\/eubazaar.shop\/hu\/wp-json\/wp\/v2\/product_tag?post=1724"}],"curies":[{"name":"wp","href":"https:\/\/api.w.org\/{rel}","templated":true}]}}