{"id":1715,"date":"2023-08-03T09:18:24","date_gmt":"2023-08-03T09:18:24","guid":{"rendered":"https:\/\/eubazaar.shop\/product\/autos-telefontarto\/"},"modified":"2023-08-03T09:18:24","modified_gmt":"2023-08-03T09:18:24","slug":"autos-telefontarto","status":"publish","type":"product","link":"https:\/\/eubazaar.shop\/hu\/termek\/autos-telefontarto\/","title":{"rendered":"Aut\u00f3s telefontart\u00f3"},"content":{"rendered":"","protected":false},"excerpt":{"rendered":"<p>Nehezen tudsz zsongl\u0151rk\u00f6dni a vezet\u00e9s \u00e9s a navig\u00e1l\u00e1s k\u00f6z\u00f6tt? Bemutatjuk a &#8220;Biztons\u00e1gos aut\u00f3s telefontart\u00f3t&#8221;. Stabilan \u00e9s el\u00e9rhet\u0151 t\u00e1vols\u00e1gban tartja telefonj\u00e1t, lehet\u0151v\u00e9 t\u00e9ve a biztons\u00e1gos, k\u00e9z n\u00e9lk\u00fcli GPS-navig\u00e1ci\u00f3t \u00e9s a lej\u00e1tsz\u00e1si list\u00e1khoz val\u00f3 k\u00f6nny\u0171 hozz\u00e1f\u00e9r\u00e9st. Nem kell t\u00f6bb\u00e9 vezet\u00e9s k\u00f6zben a k\u00e9sz\u00fcl\u00e9kkel bajl\u00f3dnia. Tapasztalja meg a biztons\u00e1gosabb \u00e9s k\u00e9nyelmesebb utaz\u00e1st &#8211; rendelje meg m\u00e9g ma biztons\u00e1gos aut\u00f3s telefontart\u00f3nkat, \u00e9s maradjon kapcsolatban \u00fatk\u00f6zben!<\/p>\n","protected":false},"featured_media":1101,"comment_status":"open","ping_status":"closed","template":"","meta":[],"product_cat":[160],"product_tag":[],"class_list":["post-1715","product","type-product","status-publish","has-post-thumbnail","hentry","product_cat-auto-tartozekok"],"_links":{"self":[{"href":"https:\/\/eubazaar.shop\/hu\/wp-json\/wp\/v2\/product\/1715","targetHints":{"allow":["GET"]}}],"collection":[{"href":"https:\/\/eubazaar.shop\/hu\/wp-json\/wp\/v2\/product"}],"about":[{"href":"https:\/\/eubazaar.shop\/hu\/wp-json\/wp\/v2\/types\/product"}],"replies":[{"embeddable":true,"href":"https:\/\/eubazaar.shop\/hu\/wp-json\/wp\/v2\/comments?post=1715"}],"wp:featuredmedia":[{"embeddable":true,"href":"https:\/\/eubazaar.shop\/hu\/wp-json\/wp\/v2\/media\/1101"}],"wp:attachment":[{"href":"https:\/\/eubazaar.shop\/hu\/wp-json\/wp\/v2\/media?parent=1715"}],"wp:term":[{"taxonomy":"product_cat","embeddable":true,"href":"https:\/\/eubazaar.shop\/hu\/wp-json\/wp\/v2\/product_cat?post=1715"},{"taxonomy":"product_tag","embeddable":true,"href":"https:\/\/eubazaar.shop\/hu\/wp-json\/wp\/v2\/product_tag?post=1715"}],"curies":[{"name":"wp","href":"https:\/\/api.w.org\/{rel}","templated":true}]}}