{"id":1713,"date":"2023-08-03T10:21:37","date_gmt":"2023-08-03T10:21:37","guid":{"rendered":"https:\/\/eubazaar.shop\/product\/smart-watch-d20\/"},"modified":"2023-08-03T10:21:37","modified_gmt":"2023-08-03T10:21:37","slug":"smart-watch-d20","status":"publish","type":"product","link":"https:\/\/eubazaar.shop\/hu\/termek\/smart-watch-d20\/","title":{"rendered":"Smart Watch D20"},"content":{"rendered":"","protected":false},"excerpt":{"rendered":"<p>Szeretne st\u00edlusosan kapcsolatban maradni \u00e9s eg\u00e9szs\u00e9ges maradni? Ismerje meg az &#8220;Smart Watch D20&#8221;. Ez a karcs\u00fa eszk\u00f6z fitneszk\u00f6vet\u0151 \u00e9s szem\u00e9lyi asszisztens egyben. Szerezze be most a D20-at, \u00e9s \u00e9lje \u00e1t az intelligens \u00e9letm\u00f3dot!<\/p>\n","protected":false},"featured_media":1287,"comment_status":"open","ping_status":"closed","template":"","meta":[],"product_cat":[177],"product_tag":[],"class_list":["post-1713","product","type-product","status-publish","has-post-thumbnail","hentry","product_cat-okosorak"],"_links":{"self":[{"href":"https:\/\/eubazaar.shop\/hu\/wp-json\/wp\/v2\/product\/1713","targetHints":{"allow":["GET"]}}],"collection":[{"href":"https:\/\/eubazaar.shop\/hu\/wp-json\/wp\/v2\/product"}],"about":[{"href":"https:\/\/eubazaar.shop\/hu\/wp-json\/wp\/v2\/types\/product"}],"replies":[{"embeddable":true,"href":"https:\/\/eubazaar.shop\/hu\/wp-json\/wp\/v2\/comments?post=1713"}],"wp:featuredmedia":[{"embeddable":true,"href":"https:\/\/eubazaar.shop\/hu\/wp-json\/wp\/v2\/media\/1287"}],"wp:attachment":[{"href":"https:\/\/eubazaar.shop\/hu\/wp-json\/wp\/v2\/media?parent=1713"}],"wp:term":[{"taxonomy":"product_cat","embeddable":true,"href":"https:\/\/eubazaar.shop\/hu\/wp-json\/wp\/v2\/product_cat?post=1713"},{"taxonomy":"product_tag","embeddable":true,"href":"https:\/\/eubazaar.shop\/hu\/wp-json\/wp\/v2\/product_tag?post=1713"}],"curies":[{"name":"wp","href":"https:\/\/api.w.org\/{rel}","templated":true}]}}