{"id":1697,"date":"2023-08-03T07:49:29","date_gmt":"2023-08-03T07:49:29","guid":{"rendered":"https:\/\/eubazaar.shop\/product\/multifunkcionalis-nadragtarto-allvany\/"},"modified":"2023-08-03T07:49:29","modified_gmt":"2023-08-03T07:49:29","slug":"multifunkcionalis_nadragtarto","status":"publish","type":"product","link":"https:\/\/eubazaar.shop\/hu\/termek\/multifunkcionalis_nadragtarto\/","title":{"rendered":"Multifunkcion\u00e1lis nadr\u00e1gtart\u00f3 \u00e1llv\u00e1ny"},"content":{"rendered":"","protected":false},"excerpt":{"rendered":"<p>Gondot okoz a ruhat\u00e1r megszervez\u00e9se? \u00dcdv\u00f6z\u00f6lj\u00fck a &#8220;Multifunkcion\u00e1lis nadr\u00e1gtart\u00f3nkat&#8221;. Ez a zseni\u00e1lis szervez\u0151 optimaliz\u00e1lja a szekr\u00e9ny hely\u00e9t, \u00e9s rendben tartja a nadr\u00e1gokat, megel\u0151zve a gy\u0171r\u0151d\u00e9st \u00e9s a gy\u0171r\u0151d\u00e9st. De nem csak nadr\u00e1gokra val\u00f3! Sokoldal\u00fa kialak\u00edt\u00e1sa t\u00f6k\u00e9letes nyakkend\u0151k, s\u00e1lak \u00e9s \u00f6vek felakaszt\u00e1s\u00e1ra is. Hozzon l\u00e9tre egy szervezett, k\u00f6nnyen hozz\u00e1f\u00e9rhet\u0151 ruhat\u00e1rat &#8211; rendelje meg most multifunkcion\u00e1lis nadr\u00e1gtart\u00f3nkat, \u00e9s forradalmas\u00edtsa szekr\u00e9nye szervez\u00e9s\u00e9t!<\/p>\n","protected":false},"featured_media":1077,"comment_status":"open","ping_status":"closed","template":"","meta":[],"product_cat":[170],"product_tag":[],"class_list":["post-1697","product","type-product","status-publish","has-post-thumbnail","hentry","product_cat-minden-otthonra"],"_links":{"self":[{"href":"https:\/\/eubazaar.shop\/hu\/wp-json\/wp\/v2\/product\/1697","targetHints":{"allow":["GET"]}}],"collection":[{"href":"https:\/\/eubazaar.shop\/hu\/wp-json\/wp\/v2\/product"}],"about":[{"href":"https:\/\/eubazaar.shop\/hu\/wp-json\/wp\/v2\/types\/product"}],"replies":[{"embeddable":true,"href":"https:\/\/eubazaar.shop\/hu\/wp-json\/wp\/v2\/comments?post=1697"}],"wp:featuredmedia":[{"embeddable":true,"href":"https:\/\/eubazaar.shop\/hu\/wp-json\/wp\/v2\/media\/1077"}],"wp:attachment":[{"href":"https:\/\/eubazaar.shop\/hu\/wp-json\/wp\/v2\/media?parent=1697"}],"wp:term":[{"taxonomy":"product_cat","embeddable":true,"href":"https:\/\/eubazaar.shop\/hu\/wp-json\/wp\/v2\/product_cat?post=1697"},{"taxonomy":"product_tag","embeddable":true,"href":"https:\/\/eubazaar.shop\/hu\/wp-json\/wp\/v2\/product_tag?post=1697"}],"curies":[{"name":"wp","href":"https:\/\/api.w.org\/{rel}","templated":true}]}}