{"id":1696,"date":"2023-08-03T09:52:03","date_gmt":"2023-08-03T09:52:03","guid":{"rendered":"https:\/\/eubazaar.shop\/product\/boritek-nyaklanc\/"},"modified":"2023-08-03T09:52:03","modified_gmt":"2023-08-03T09:52:03","slug":"boritek-nyaklanc","status":"publish","type":"product","link":"https:\/\/eubazaar.shop\/hu\/termek\/boritek-nyaklanc\/","title":{"rendered":"Bor\u00edt\u00e9k nyakl\u00e1nc"},"content":{"rendered":"","protected":false},"excerpt":{"rendered":"<p>A t\u00f6k\u00e9letes romantikus aj\u00e1nd\u00e9kot keresi? Fedezze fel a &#8220;Szerelmes lev\u00e9l bor\u00edt\u00e9k nyakl\u00e1ncot&#8221;. Egy miniat\u0171r &#8220;szeretlek&#8221; lev\u00e9l egy finom bor\u00edt\u00e9k med\u00e1l belsej\u00e9be \u00e1gyazva a sz\u00edvb\u0151l j\u00f6v\u0151 \u00fczenet, amit viselhetsz. Ne v\u00e1rjon! Rendelje meg most, hogy viselje vagy megossza a szeretet e var\u00e1zslatos kifejez\u00e9s\u00e9t.<\/p>\n","protected":false},"featured_media":1191,"comment_status":"open","ping_status":"closed","template":"","meta":[],"product_cat":[169],"product_tag":[],"class_list":["post-1696","product","type-product","status-publish","has-post-thumbnail","hentry","product_cat-ekszerek"],"_links":{"self":[{"href":"https:\/\/eubazaar.shop\/hu\/wp-json\/wp\/v2\/product\/1696","targetHints":{"allow":["GET"]}}],"collection":[{"href":"https:\/\/eubazaar.shop\/hu\/wp-json\/wp\/v2\/product"}],"about":[{"href":"https:\/\/eubazaar.shop\/hu\/wp-json\/wp\/v2\/types\/product"}],"replies":[{"embeddable":true,"href":"https:\/\/eubazaar.shop\/hu\/wp-json\/wp\/v2\/comments?post=1696"}],"wp:featuredmedia":[{"embeddable":true,"href":"https:\/\/eubazaar.shop\/hu\/wp-json\/wp\/v2\/media\/1191"}],"wp:attachment":[{"href":"https:\/\/eubazaar.shop\/hu\/wp-json\/wp\/v2\/media?parent=1696"}],"wp:term":[{"taxonomy":"product_cat","embeddable":true,"href":"https:\/\/eubazaar.shop\/hu\/wp-json\/wp\/v2\/product_cat?post=1696"},{"taxonomy":"product_tag","embeddable":true,"href":"https:\/\/eubazaar.shop\/hu\/wp-json\/wp\/v2\/product_tag?post=1696"}],"curies":[{"name":"wp","href":"https:\/\/api.w.org\/{rel}","templated":true}]}}