{"id":1676,"date":"2023-08-03T09:44:25","date_gmt":"2023-08-03T09:44:25","guid":{"rendered":"https:\/\/eubazaar.shop\/product\/sokoldalu-testmasszirozo\/"},"modified":"2025-04-12T14:05:55","modified_gmt":"2025-04-12T14:05:55","slug":"sokoldalu-testmasszirozo","status":"publish","type":"product","link":"https:\/\/eubazaar.shop\/hu\/termek\/sokoldalu-testmasszirozo\/","title":{"rendered":"Sokoldal\u00fa testmassz\u00edroz\u00f3"},"content":{"rendered":"","protected":false},"excerpt":{"rendered":"<p>Gyakori testf\u00e1jdalmakat tapasztal? Pr\u00f3b\u00e1lja ki a &#8220;Sokoldal\u00fa testmassz\u00e1zsg\u00e9pet&#8221;. Azonnali nyugtat\u00f3 massz\u00e1zshoz csatlakoztathatja teste b\u00e1rmelyik r\u00e9sz\u00e9re. Ne hagyja, hogy a kellemetlens\u00e9gek uralkodjanak mag\u00e1n &#8211; rendeljen most a helysz\u00edni enyh\u00fcl\u00e9s\u00e9rt!<\/p>\n","protected":false},"featured_media":1167,"comment_status":"open","ping_status":"closed","template":"","meta":[],"product_cat":[160],"product_tag":[],"class_list":["post-1676","product","type-product","status-publish","has-post-thumbnail","hentry","product_cat-auto-tartozekok"],"_links":{"self":[{"href":"https:\/\/eubazaar.shop\/hu\/wp-json\/wp\/v2\/product\/1676","targetHints":{"allow":["GET"]}}],"collection":[{"href":"https:\/\/eubazaar.shop\/hu\/wp-json\/wp\/v2\/product"}],"about":[{"href":"https:\/\/eubazaar.shop\/hu\/wp-json\/wp\/v2\/types\/product"}],"replies":[{"embeddable":true,"href":"https:\/\/eubazaar.shop\/hu\/wp-json\/wp\/v2\/comments?post=1676"}],"wp:featuredmedia":[{"embeddable":true,"href":"https:\/\/eubazaar.shop\/hu\/wp-json\/wp\/v2\/media\/1167"}],"wp:attachment":[{"href":"https:\/\/eubazaar.shop\/hu\/wp-json\/wp\/v2\/media?parent=1676"}],"wp:term":[{"taxonomy":"product_cat","embeddable":true,"href":"https:\/\/eubazaar.shop\/hu\/wp-json\/wp\/v2\/product_cat?post=1676"},{"taxonomy":"product_tag","embeddable":true,"href":"https:\/\/eubazaar.shop\/hu\/wp-json\/wp\/v2\/product_tag?post=1676"}],"curies":[{"name":"wp","href":"https:\/\/api.w.org\/{rel}","templated":true}]}}